{"id":1545,"date":"2020-05-25T14:28:30","date_gmt":"2020-05-25T12:28:30","guid":{"rendered":"https:\/\/el.us.edu.pl\/cko\/?page_id=1545"},"modified":"2020-05-25T14:46:10","modified_gmt":"2020-05-25T12:46:10","slug":"pliki-do-pobrania","status":"publish","type":"page","link":"https:\/\/el.us.edu.pl\/cko\/?page_id=1545","title":{"rendered":"Pliki do pobrania"},"content":{"rendered":"\n<div class=\"la-wrap\">\n<h3>Lista przydatnych plik\u00f3w do pobrania dla wyk\u0142adowc\u00f3w i student\u00f3w<\/h3>\n<ul>\n<li><a href=\"https:\/\/el.us.edu.pl\/cko\/wp-content\/uploads\/2020\/05\/Moodle2Word_templates_pl.zip\">Szablony wtyczki Moodle2Word<\/a><br><i>Wyb\u00f3r wielokrotny, Prawda\/Fa\u0142sz, Dopasowanie, Kr\u00f3tka odpowied\u017a, Esej, Opis<\/i>.<br>Paczka szablon\u00f3w do pobrania dla wtyczki Moodle2Word, umo\u017cliwiaj\u0105ca tworzenie szablon\u00f3w pyta\u0144 oraz ich szybki import poprzez opcj\u0119 importu w narz\u0119dziu <i>Baza pyta\u0144<\/i>.<\/li>\n<\/ul>\n<\/div>\n","protected":false},"excerpt":{"rendered":"<p>Lista przydatnych plik\u00f3w do pobrania dla wyk\u0142adowc\u00f3w i student\u00f3w Szablony wtyczki Moodle2WordWyb\u00f3r wielokrotny, Prawda\/Fa\u0142sz, Dopasowanie, Kr\u00f3tka odpowied\u017a, Esej, Opis.Paczka szablon\u00f3w do pobrania dla wtyczki Moodle2Word, umo\u017cliwiaj\u0105ca tworzenie szablon\u00f3w pyta\u0144 oraz ich szybki import poprzez opcj\u0119 importu w narz\u0119dziu Baza pyta\u0144. [&#8230;]<\/p>\n<p><a class=\"btn btn-secondary understrap-read-more-link\" href=\"https:\/\/el.us.edu.pl\/cko\/?page_id=1545\">Czytaj dalej\u2026<span class=\"screen-reader-text\"> from Pliki do pobrania<\/span><\/a><\/p>\n","protected":false},"author":4,"featured_media":0,"parent":0,"menu_order":0,"comment_status":"closed","ping_status":"closed","template":"","meta":{"footnotes":""},"class_list":["post-1545","page","type-page","status-publish","hentry"],"aioseo_notices":[],"_links":{"self":[{"href":"https:\/\/el.us.edu.pl\/cko\/index.php?rest_route=\/wp\/v2\/pages\/1545","targetHints":{"allow":["GET"]}}],"collection":[{"href":"https:\/\/el.us.edu.pl\/cko\/index.php?rest_route=\/wp\/v2\/pages"}],"about":[{"href":"https:\/\/el.us.edu.pl\/cko\/index.php?rest_route=\/wp\/v2\/types\/page"}],"author":[{"embeddable":true,"href":"https:\/\/el.us.edu.pl\/cko\/index.php?rest_route=\/wp\/v2\/users\/4"}],"replies":[{"embeddable":true,"href":"https:\/\/el.us.edu.pl\/cko\/index.php?rest_route=%2Fwp%2Fv2%2Fcomments&post=1545"}],"version-history":[{"count":3,"href":"https:\/\/el.us.edu.pl\/cko\/index.php?rest_route=\/wp\/v2\/pages\/1545\/revisions"}],"predecessor-version":[{"id":1553,"href":"https:\/\/el.us.edu.pl\/cko\/index.php?rest_route=\/wp\/v2\/pages\/1545\/revisions\/1553"}],"wp:attachment":[{"href":"https:\/\/el.us.edu.pl\/cko\/index.php?rest_route=%2Fwp%2Fv2%2Fmedia&parent=1545"}],"curies":[{"name":"wp","href":"https:\/\/api.w.org\/{rel}","templated":true}]}}