{"id":488,"date":"2020-01-27T11:56:59","date_gmt":"2020-01-27T10:56:59","guid":{"rendered":"https:\/\/el.us.edu.pl\/cko\/?page_id=488"},"modified":"2024-10-17T11:06:58","modified_gmt":"2024-10-17T09:06:58","slug":"pracownicy","status":"publish","type":"page","link":"https:\/\/el.us.edu.pl\/cko\/?page_id=488","title":{"rendered":"Pracownicy"},"content":{"rendered":"\n<div class=\"wp-block-columns single-employee is-layout-flex wp-container-core-columns-is-layout-9d6595d7 wp-block-columns-is-layout-flex\">\n<div class=\"wp-block-column is-layout-flow wp-block-column-is-layout-flow\" style=\"flex-basis:20%\"><div class=\"wp-block-image\">\n<figure class=\"aligncenter size-large\"><img loading=\"lazy\" decoding=\"async\" width=\"240\" height=\"300\" src=\"https:\/\/el.us.edu.pl\/cko\/wp-content\/uploads\/2020\/02\/person_8x10.png\" alt=\"\" class=\"wp-image-654\"\/><\/figure><\/div><\/div>\n\n\n\n<div class=\"wp-block-column is-layout-flow wp-block-column-is-layout-flow\" style=\"flex-basis:80%\">\n<h2>mgr<\/h2>\n<h1>Pawe\u0142 Pawe\u0142czyk<\/h1>\n<h3>Kierownik Centrum<\/h3>\n<ul style=\"list-style-type: square;\">\n<li>organizacja dzia\u0142a\u0144 jednostki<\/li>\n<li>koordynacja prac rozwojowych CKO<\/li>\n<li>konsultacje problem\u00f3w projektowania<\/li>\n<\/ul>\n<p><a href=\"mailto:pawel.pawelczyk@us.edu.pl\">pawel.pawelczyk@us.edu.pl<\/a><\/p>\n<p>+48 32 368 97 97<br \/>+48 501 166 379<\/p>\n<\/div>\n<\/div>\n\n\n\n<div class=\"wp-block-columns single-employee is-layout-flex wp-container-core-columns-is-layout-9d6595d7 wp-block-columns-is-layout-flex\">\n<div class=\"wp-block-column is-layout-flow wp-block-column-is-layout-flow\" style=\"flex-basis:20%\"><div class=\"wp-block-image\">\n<figure class=\"aligncenter size-large\"><img loading=\"lazy\" decoding=\"async\" width=\"240\" height=\"300\" src=\"https:\/\/el.us.edu.pl\/cko\/wp-content\/uploads\/2020\/02\/person_8x10.png\" alt=\"\" class=\"wp-image-654\"\/><\/figure><\/div><\/div>\n\n\n\n<div class=\"wp-block-column is-layout-flow wp-block-column-is-layout-flow\" style=\"flex-basis:80%\">\n<h2>mgr<\/h2>\n<h1>Tomasz Pawlik<\/h1>\n<h3>Samodzielny administrator serwer\u00f3w<\/h3>\n<ul style=\"list-style-type: square;\">\n<li>oprogramowanie systemowe<\/li>\n<li>administracja serwer\u00f3w CKO<\/li>\n<li>przygotowanie materia\u0142\u00f3w dla platform wspomagania nauczania<\/li>\n<li>pomoc dla u\u017cytkownik\u00f3w systemu<\/li>\n<\/ul>\n<p><a href=\"mailto:tomasz.pawlik@us.edu.pl\">tomasz.pawlik@us.edu.pl<\/a><\/p>\n<p>+48 32 368 97 97<\/p>\n\n\n\n<p><\/p>\n<\/div>\n<\/div>\n\n\n\n<div class=\"wp-block-columns single-employee is-layout-flex wp-container-core-columns-is-layout-9d6595d7 wp-block-columns-is-layout-flex\">\n<div class=\"wp-block-column is-layout-flow wp-block-column-is-layout-flow\" style=\"flex-basis:20%\"><div class=\"wp-block-image\">\n<figure class=\"aligncenter size-large\"><img loading=\"lazy\" decoding=\"async\" width=\"240\" height=\"300\" src=\"https:\/\/el.us.edu.pl\/cko\/wp-content\/uploads\/2020\/02\/person_8x10.png\" alt=\"\" class=\"wp-image-654\"\/><\/figure><\/div><\/div>\n\n\n\n<div class=\"wp-block-column is-layout-flow wp-block-column-is-layout-flow\" style=\"flex-basis:80%\">\n<h2>in\u017c.<\/h2>\n<h1>Jakub Sacewicz<\/h1>\n<h3>Programista<\/h3>\n<ul style=\"list-style-type: square;\">\n<li>tworzenie i rozw\u00f3j aplikacji webowych<\/li>\n<li>przygotowanie materia\u0142\u00f3w dla platform wspomagania nauczania<\/li>\n<li>pomoc dla u\u017cytkownik\u00f3w systemu<\/li>\n<\/ul>\n<p><a href=\"mailto:jakub.sacewicz@us.edu.pl\">jakub.sacewicz@us.edu.pl<\/a><\/p>\n<p>+48 32 359 23 05<\/p>\n\n\n\n<p><\/p>\n<\/div>\n<\/div>\n\n\n<h3>Kontakt:\u00a0 <a href=\"mailto:administrator_moodle@us.edu.pl\">administrator_moodle@us.edu.pl<\/a><\/h3>","protected":false},"excerpt":{"rendered":"<p>mgr Pawe\u0142 Pawe\u0142czyk Kierownik Centrum organizacja dzia\u0142a\u0144 jednostki koordynacja prac rozwojowych CKO konsultacje problem\u00f3w projektowania pawel.pawelczyk@us.edu.pl +48 32 368 97 97+48 501 166 379 mgr Tomasz Pawlik Samodzielny administrator serwer\u00f3w oprogramowanie systemowe administracja serwer\u00f3w CKO przygotowanie materia\u0142\u00f3w dla platform wspomagania nauczania pomoc dla u\u017cytkownik\u00f3w systemu tomasz.pawlik@us.edu.pl +48 32 368 97 97 in\u017c. Jakub Sacewicz Programista [&#8230;]<\/p>\n<p><a class=\"btn btn-secondary understrap-read-more-link\" href=\"https:\/\/el.us.edu.pl\/cko\/?page_id=488\">Czytaj dalej\u2026<span class=\"screen-reader-text\"> from Pracownicy<\/span><\/a><\/p>\n","protected":false},"author":4,"featured_media":0,"parent":0,"menu_order":0,"comment_status":"closed","ping_status":"closed","template":"","meta":{"footnotes":""},"class_list":["post-488","page","type-page","status-publish","hentry"],"aioseo_notices":[],"_links":{"self":[{"href":"https:\/\/el.us.edu.pl\/cko\/index.php?rest_route=\/wp\/v2\/pages\/488","targetHints":{"allow":["GET"]}}],"collection":[{"href":"https:\/\/el.us.edu.pl\/cko\/index.php?rest_route=\/wp\/v2\/pages"}],"about":[{"href":"https:\/\/el.us.edu.pl\/cko\/index.php?rest_route=\/wp\/v2\/types\/page"}],"author":[{"embeddable":true,"href":"https:\/\/el.us.edu.pl\/cko\/index.php?rest_route=\/wp\/v2\/users\/4"}],"replies":[{"embeddable":true,"href":"https:\/\/el.us.edu.pl\/cko\/index.php?rest_route=%2Fwp%2Fv2%2Fcomments&post=488"}],"version-history":[{"count":22,"href":"https:\/\/el.us.edu.pl\/cko\/index.php?rest_route=\/wp\/v2\/pages\/488\/revisions"}],"predecessor-version":[{"id":2057,"href":"https:\/\/el.us.edu.pl\/cko\/index.php?rest_route=\/wp\/v2\/pages\/488\/revisions\/2057"}],"wp:attachment":[{"href":"https:\/\/el.us.edu.pl\/cko\/index.php?rest_route=%2Fwp%2Fv2%2Fmedia&parent=488"}],"curies":[{"name":"wp","href":"https:\/\/api.w.org\/{rel}","templated":true}]}}