{"id":489,"date":"2020-01-27T11:56:59","date_gmt":"2020-01-27T10:56:59","guid":{"rendered":"https:\/\/el.us.edu.pl\/cko\/?page_id=489"},"modified":"2024-12-24T09:08:42","modified_gmt":"2024-12-24T08:08:42","slug":"podmenu-wykladowca-1","status":"publish","type":"page","link":"https:\/\/el.us.edu.pl\/cko\/?page_id=489","title":{"rendered":"Akty prawne i dokumenty"},"content":{"rendered":"\n<div class=\"la-wrap\">\n<h3>Aktualne akty prawne:<\/h3>\n<ul>\n<li><a href=\"https:\/\/aktyprawne.us.edu.pl\/423-lista\/d\/5359\/5\/\">Zarz\u0105dzenie nr 176\/2021<\/a><br \/>z dnia 2017-06-28 Rektora Uniwersytetu \u015al\u0105skiego<br \/>w sprawie zasad prowadzenia w Uniwersytecie \u015al\u0105skim w Katowicach zaj\u0119\u0107 dydaktycznych z wykorzystaniem metod i technik kszta\u0142cenia na odleg\u0142o\u015b\u0107,<\/li>\n<li><a href=\"https:\/\/aktyprawne.us.edu.pl\/423-lista\/d\/4312\/5\/\">Uchwa\u0142a nr 124\/2012<\/a><br \/>z dnia 2012-04-24 Senatu Uniwersytetu \u015al\u0105skiego<br \/>zmieniaj\u0105ca uchwa\u0142\u0119 nr 117 Senatu Uniwersytetu \u015al\u0105skiego z dnia 13 marca 2012 roku w sprawie zaliczania do pensum nauczycieli akademickich zaj\u0119\u0107 dydaktycznych, prowadzonych z wykorzystaniem metod i technik kszta\u0142cenia na odleg\u0142o\u015b\u0107,<strong><br \/><\/strong><\/li>\n<li><a href=\"https:\/\/aktyprawne.us.edu.pl\/423-lista\/d\/4319\/5\/\">Uchwa\u0142a nr 117\/2012<\/a><br \/>z dnia 2012-03-13 Senatu Uniwersytetu \u015al\u0105skiego<br \/>w sprawie zaliczania do pensum nauczycieli akademickich zaj\u0119\u0107 dydaktycznych, prowadzonych z wykorzystaniem metod i technik kszta\u0142cenia na odleg\u0142o\u015b\u0107,<\/li>\n<\/ul>\n<h3>Akty prawne dotycz\u0105ce Centrum Kszta\u0142cenia na Odleg\u0142o\u015b\u0107:<\/h3>\n<ul>\n<li><a href=\"https:\/\/aktyprawne.us.edu.pl\/423-lista\/d\/2812\/5\/\">Zarz\u0105dzenie nr 4\/2009<\/a><\/li>\n<li>z dnia 2009-01-16 Rektora Uniwersytetu \u015al\u0105skiego<br \/>w sprawie zmiany nazwy Centrum Technik Kszta\u0142cenia na Odleg\u0142o\u015b\u0107 w Uniwersytecie \u015al\u0105skim oraz nadania centrum regulaminu organizacyjnego,<\/li>\n<li><a href=\"https:\/\/aktyprawne.us.edu.pl\/423-lista\/d\/2812\/5\/\">Zarz\u0105dzenie nr 4\/2009 &#8211; za\u0142\u0105cznik 1<br \/><\/a>Regulamin organizacyjny Centrum Kszta\u0142cenia na Odleg\u0142o\u015b\u0107 w Uniwersytecie \u015al\u0105skim,<\/li>\n<li><a href=\"https:\/\/aktyprawne.us.edu.pl\/423-lista\/d\/2814\/5\/\">Zarz\u0105dzenie nr 14\/2005<br \/><\/a>z dnia 2005-02-21 Rektora Uniwersytetu \u015al\u0105skiego<br \/>w sprawie nadania Centrum Technik Kszta\u0142cenia na Odleg\u0142o\u015b\u0107 w Uniwersytecie \u015al\u0105skim \u201eRegulaminu organizacyjnego\u201d,<\/li>\n<li><a href=\"https:\/\/aktyprawne.us.edu.pl\/423-lista\/d\/2814\/5\/\">Zarz\u0105dzenie nr 14\/2005 &#8211; za\u0142\u0105cznik 1<\/a><br \/>Regulamin organizacyjny Centrum Technik Kszta\u0142cenia na Odleg\u0142o\u015b\u0107 w Uniwersytecie \u015al\u0105skim,<\/li>\n<li><a href=\"https:\/\/aktyprawne.us.edu.pl\/423-lista\/d\/4440\/5\/\">Uchwa\u0142a Nr 56\/2005<\/a><br \/>z dnia 2005-01-25 Senatu Uniwersytetu \u015al\u0105skiego<br \/>w sprawie utworzenia Centrum Technik Kszta\u0142cenia na Odleg\u0142o\u015b\u0107 w Uniwersytecie \u015al\u0105skim<\/li>\n<\/ul>\n<h3>Ankieta ewaluacyjna zaj\u0119\u0107 dydaktycznych przez Internet<\/h3>\n<ul>\n<li><a href=\"https:\/\/aktyprawne.us.edu.pl\/423-lista\/d\/1254\/5\/\">Zarz\u0105dzenie nr 11\/2014<\/a><br \/>z dnia 2014-02-10 Rektora Uniwersytetu \u015al\u0105skiego<br \/>w sprawie zmian w Regulaminie Organizacyjnym Centrum Kszta\u0142cenia na Odleg\u0142o\u015b\u0107 w Uniwersytecie \u015al\u0105skim,<\/li>\n<li><a href=\"https:\/\/aktyprawne.us.edu.pl\/423-lista\/d\/1254\/5\/\">Zarz\u0105dzenie nr 11\/2014 &#8211; za\u0142\u0105cznik 1<\/a><br \/>Regulamin organizacyjny Centrum Kszta\u0142cenia na Odleg\u0142o\u015b\u0107 w Uniwersytecie \u015al\u0105skim<\/li>\n<\/ul>\n<h3>Podstawy prawne dotycz\u0105ce prowadzenia zaj\u0119\u0107 z wykorzystaniem metod i technik kszta\u0142cenia na odleg\u0142o\u015b\u0107, obowi\u0105zuj\u0105ce w polskim szkolnictwie wy\u017cszym<\/h3>\n<ul>\n<li><a href=\"https:\/\/el.us.edu.pl\/cko\/wp-content\/uploads\/2024\/12\/obwieszczenie_MEiN_23_11_2023.pdf\">Obwieszczenie Ministra Edukacji i Nauki z dnia 23 listopada 2023 r. w sprawie og\u0142oszenia jednolitego tekstu rozporz\u0105dzenia z 2018 roku (Rozdzia\u0142 5 \u2013 kszta\u0142cenie na odleg\u0142o\u015b\u0107)<\/a><\/li>\n<li><a href=\"https:\/\/isap.sejm.gov.pl\/isap.nsf\/download.xsp\/WDU20200000853\/O\/D20200853.pdf\">Rozporz\u0105dzenie Ministra Nauki i Szkolnictwa Wy\u017cszego z dnia 12 maja 2020 r.<\/a><\/li>\n<li><a href=\"http:\/\/cko.us.edu.pl\/cko\/images\/stories\/cko\/prawo\/D20181861.pdf\">Rozporz\u0105dzenie Ministra Nauki i Szkolnictwa Wy\u017cszego z dnia 28 wrze\u015bnia 2018 roku (Rozdzia\u0142 5 &#8211; kszta\u0142cenie na odleg\u0142o\u015b\u0107)<\/a>,<\/li>\n<li><a href=\"http:\/\/cko.us.edu.pl\/cko\/images\/stories\/cko\/prawo\/D20111470.pdf\">Rozporz\u0105dzenie Ministra Nauki i Szkolnictwa Wy\u017cszego z dnia 2 listopada 2011 roku zmieniaj\u0105ce rozporz\u0105dzenie w sprawie warunk\u00f3w, jakie musz\u0105 by\u0107 spe\u0142nione, aby zaj\u0119cia dydaktyczne na studiach mog\u0142y by\u0107 prowadzone z wykorzystaniem metod i technik kszta\u0142cenia na odleg\u0142o\u015b\u0107<\/a>,<\/li>\n<li><a href=\"http:\/\/cko.us.edu.pl\/cko\/images\/stories\/cko\/prawo\/D20080551.pdf\">Rozporz\u0105dzenie Ministra Nauki i Szkolnictwa Wy\u017cszego z dnia 9 maja 2008 roku zmieniaj\u0105ce rozporz\u0105dzenie w sprawie warunk\u00f3w, jakie musz\u0105 by\u0107 spe\u0142nione, aby zaj\u0119cia dydaktyczne na studiach mog\u0142y by\u0107 prowadzone z wykorzystaniem metod i technik kszta\u0142cenia na odleg\u0142o\u015b\u0107<\/a>,<\/li>\n<li><a href=\"http:\/\/cko.us.edu.pl\/cko\/images\/stories\/cko\/prawo\/D20071506.pdf\">Rozporz\u0105dzenie Ministra Nauki i Szkolnictwa Wy\u017cszego z dnia 31 pa\u017adziernika 2007 roku zmieniaj\u0105ce rozporz\u0105dzenie w sprawie warunk\u00f3w, jakie musz\u0105 by\u0107 spe\u0142nione, aby zaj\u0119cia dydaktyczne na studiach mog\u0142y by\u0107 prowadzone z wykorzystaniem metod i technik kszta\u0142cenia na odleg\u0142o\u015b\u0107<\/a>,<\/li>\n<li><a href=\"http:\/\/cko.us.edu.pl\/cko\/images\/stories\/cko\/prawo\/D20071347.pdf\">Rozporz\u0105dzenie Ministra Nauki i Szkolnictwa Wy\u017cszego z dnia 25 wrze\u015bnia 2007 roku w sprawie warunk\u00f3w, jakie musz\u0105 by\u0107 spe\u0142nione, aby zaj\u0119cia dydaktyczne na studiach mog\u0142y by\u0107 prowadzone z wykorzystaniem metod i technik kszta\u0142cenia na odleg\u0142o\u015b\u0107<\/a><\/li>\n<\/ul>\n<h3>Standardy kursu internetowego<\/h3>\n<ul>\n<li><a href=\"http:\/\/cko.us.edu.pl\/cko\/images\/stories\/cko\/prawo\/Standardy_prowadzenia_kursu_e_learningowego.pdf\">Standardy prowadzenia kursu internetowego<\/a><br \/>Kryteria oceny kursu internetowego w formie pyta\u0144 prawda\/fa\u0142sz, opracowane przez <a href=\"https:\/\/sea.edu.pl\/\">Stowarzyszenie E-learningu Akademickiego<\/a>, pozwalaj\u0105ce na samoocen\u0119 przygotowanego kursu internetowego pod wzgl\u0119dem jako\u015bciowym, merytorycznym jak i praktycznym<\/li>\n<\/ul>\n<h3>Nieaktualne akty prawne<\/h3>\n<ul>\n<li><a href=\"https:\/\/el.us.edu.pl\/cko\/?page_id=908\">Archiwum<\/a><\/li>\n<\/ul>\n<\/div>\n","protected":false},"excerpt":{"rendered":"<p>Aktualne akty prawne: Zarz\u0105dzenie nr 176\/2021z dnia 2017-06-28 Rektora Uniwersytetu \u015al\u0105skiegow sprawie zasad prowadzenia w Uniwersytecie \u015al\u0105skim w Katowicach zaj\u0119\u0107 dydaktycznych z wykorzystaniem metod i technik kszta\u0142cenia na odleg\u0142o\u015b\u0107, Uchwa\u0142a nr 124\/2012z dnia 2012-04-24 Senatu Uniwersytetu \u015al\u0105skiegozmieniaj\u0105ca uchwa\u0142\u0119 nr 117 Senatu Uniwersytetu \u015al\u0105skiego z dnia 13 marca 2012 roku w sprawie zaliczania do pensum nauczycieli [&#8230;]<\/p>\n<p><a class=\"btn btn-secondary understrap-read-more-link\" href=\"https:\/\/el.us.edu.pl\/cko\/?page_id=489\">Czytaj dalej\u2026<span class=\"screen-reader-text\"> from Akty prawne i dokumenty<\/span><\/a><\/p>\n","protected":false},"author":4,"featured_media":0,"parent":0,"menu_order":0,"comment_status":"closed","ping_status":"closed","template":"","meta":{"footnotes":""},"class_list":["post-489","page","type-page","status-publish","hentry"],"aioseo_notices":[],"_links":{"self":[{"href":"https:\/\/el.us.edu.pl\/cko\/index.php?rest_route=\/wp\/v2\/pages\/489","targetHints":{"allow":["GET"]}}],"collection":[{"href":"https:\/\/el.us.edu.pl\/cko\/index.php?rest_route=\/wp\/v2\/pages"}],"about":[{"href":"https:\/\/el.us.edu.pl\/cko\/index.php?rest_route=\/wp\/v2\/types\/page"}],"author":[{"embeddable":true,"href":"https:\/\/el.us.edu.pl\/cko\/index.php?rest_route=\/wp\/v2\/users\/4"}],"replies":[{"embeddable":true,"href":"https:\/\/el.us.edu.pl\/cko\/index.php?rest_route=%2Fwp%2Fv2%2Fcomments&post=489"}],"version-history":[{"count":23,"href":"https:\/\/el.us.edu.pl\/cko\/index.php?rest_route=\/wp\/v2\/pages\/489\/revisions"}],"predecessor-version":[{"id":2072,"href":"https:\/\/el.us.edu.pl\/cko\/index.php?rest_route=\/wp\/v2\/pages\/489\/revisions\/2072"}],"wp:attachment":[{"href":"https:\/\/el.us.edu.pl\/cko\/index.php?rest_route=%2Fwp%2Fv2%2Fmedia&parent=489"}],"curies":[{"name":"wp","href":"https:\/\/api.w.org\/{rel}","templated":true}]}}