{"id":663,"date":"2020-02-11T12:00:20","date_gmt":"2020-02-11T11:00:20","guid":{"rendered":"https:\/\/el.us.edu.pl\/cko\/?page_id=663"},"modified":"2020-02-12T13:17:12","modified_gmt":"2020-02-12T12:17:12","slug":"kontakt","status":"publish","type":"page","link":"https:\/\/el.us.edu.pl\/cko\/?page_id=663","title":{"rendered":"Kontakt"},"content":{"rendered":"\n<div class=\"row ct-row\">\n\t<div class=\"col-sm-6\">\n\t\t<div class=\"ct-adress\">\n\t\t\t<p class=\"ct-paragraph\">\n\t\t\t\t<strong>Centrum Kszta\u0142cenia na Odleg\u0142o\u015b\u0107 w Sosnowcu<\/strong>\n\t\t\t\t<br>ul. B\u0119dzi\u0144ska 39, 41-200 Sosnowiec\n\t\t\t\t<br>III pi\u0119tro, pok\u00f3j 303\n\t\t\t\t<br>+48 32 368 97 97\n\t\t\t\t<br>+48 501 166 379\n\t\t\t\t<br><strong>\n\t\t\t\t\t<a href=\"mailto:administrator_moodle@us.edu.pl\">administrator_moodle@us.edu.pl<\/a>\n\t\t\t\t<\/strong>\n\t\t\t<\/p>\n\t\t\n\t\t\t<p class=\"ct-paragraph\">\n\t\t\t\t<strong>Godziny pracy:<\/strong>\n\t\t\t\t<br>Od poniedzia\u0142ku do pi\u0105tku, w godz. 7.30 \u2013 15.30\n\t\t\t<\/p>\n\t\t<\/div>\n\t<\/div>\n\t<div class=\"col-sm-6\">\n\t\t<div class=\"ct-map embed-responsive embed-responsive-4by3\">\n\t\t\t<iframe loading=\"lazy\" src=\"https:\/\/www.google.com\/maps\/embed?pb=!1m18!1m12!1m3!1d2548.6929364395796!2d19.13275341579908!3d50.29765950624337!2m3!1f0!2f0!3f0!3m2!1i1024!2i768!4f13.1!3m3!1m2!1s0x4716da83f9e846e1%3A0x3ff406cf0f2cb7dd!2sInstytut%20Informatyki%2C%20Wydzia%C5%82%20Nauk%20%C5%9Acis%C5%82ych%20i%20Technicznych%2C%20Uniwersytet%20%C5%9Al%C4%85ski!5e0!3m2!1spl!2spl!4v1581498183112!5m2!1spl!2spl\" width=\"800\" height=\"600\" frameborder=\"0\" style=\"border:0;\" allowfullscreen=\"\"><\/iframe>\n\t\t<\/div>\n\t<\/div>\n<\/div>\n\n<div class=\"row ct-row\">\n\t<div class=\"col-sm-6\">\n\t\t<div class=\"ct-adress\">\n\t\t\t<p class=\"ct-paragraph\">\n\t\t\t\t<strong>Centrum Kszta\u0142cenia na Odleg\u0142o\u015b\u0107 w Katowicach<\/strong>\n\t\t\t\t<br>ul. Bankowa 14, 40-007 Katowice\n\t\t\t\t<br>Parter, pok\u00f3j 400\n\t\t\t\t<br>+48 32 359 23 05\n\t\t\t\t<br><strong>\n\t\t\t\t\t<a href=\"mailto:administrator_moodle@us.edu.pl\">administrator_moodle@us.edu.pl<\/a>\n\t\t\t\t<\/strong>\n\t\t\t<\/p>\n\t\t\n\t\t\t<p class=\"ct-paragraph\">\n\t\t\t\t<strong>Godziny pracy:<\/strong>\n\t\t\t\t<br>Od poniedzia\u0142ku do pi\u0105tku, w godz. 7.00 \u2013 15.00\n\t\t\t<\/p>\n\t\t<\/div>\n\t<\/div>\n\t<div class=\"col-sm-6\">\n\t\t<div class=\"ct-map embed-responsive embed-responsive-4by3\">\n\t\t\t<iframe loading=\"lazy\" src=\"https:\/\/www.google.com\/maps\/embed?pb=!1m18!1m12!1m3!1d2550.6137733136297!2d19.025383315798063!3d50.26179740882113!2m3!1f0!2f0!3f0!3m2!1i1024!2i768!4f13.1!3m3!1m2!1s0x4716ce36e688e62b%3A0xc3990760be04f988!2sWydzia%C5%82%20Nauk%20%C5%9Acis%C5%82ych%20i%20Technicznych%2C%20Uniwersytet%20%C5%9Al%C4%85ski%20w%20Katowicach!5e0!3m2!1spl!2spl!4v1581499345935!5m2!1spl!2spl\" width=\"800\" height=\"600\" frameborder=\"0\" style=\"border:0;\" allowfullscreen=\"\"><\/iframe>\n\t\t<\/div>\n\t<\/div>\n<\/div>\n\n\n\n<p><\/p>\n","protected":false},"excerpt":{"rendered":"<p>Centrum Kszta\u0142cenia na Odleg\u0142o\u015b\u0107 w Sosnowcu ul. B\u0119dzi\u0144ska 39, 41-200 Sosnowiec III pi\u0119tro, pok\u00f3j 303 +48 32 368 97 97 +48 501 166 379 administrator_moodle@us.edu.pl Godziny pracy: Od poniedzia\u0142ku do pi\u0105tku, w godz. 7.30 \u2013 15.30 Centrum Kszta\u0142cenia na Odleg\u0142o\u015b\u0107 w Katowicach ul. Bankowa 14, 40-007 Katowice Parter, pok\u00f3j 400 +48 32 359 23 05 [&#8230;]<\/p>\n<p><a class=\"btn btn-secondary understrap-read-more-link\" href=\"https:\/\/el.us.edu.pl\/cko\/?page_id=663\">Czytaj dalej\u2026<span class=\"screen-reader-text\"> from Kontakt<\/span><\/a><\/p>\n","protected":false},"author":4,"featured_media":0,"parent":0,"menu_order":0,"comment_status":"closed","ping_status":"closed","template":"","meta":{"footnotes":""},"class_list":["post-663","page","type-page","status-publish","hentry"],"aioseo_notices":[],"_links":{"self":[{"href":"https:\/\/el.us.edu.pl\/cko\/index.php?rest_route=\/wp\/v2\/pages\/663","targetHints":{"allow":["GET"]}}],"collection":[{"href":"https:\/\/el.us.edu.pl\/cko\/index.php?rest_route=\/wp\/v2\/pages"}],"about":[{"href":"https:\/\/el.us.edu.pl\/cko\/index.php?rest_route=\/wp\/v2\/types\/page"}],"author":[{"embeddable":true,"href":"https:\/\/el.us.edu.pl\/cko\/index.php?rest_route=\/wp\/v2\/users\/4"}],"replies":[{"embeddable":true,"href":"https:\/\/el.us.edu.pl\/cko\/index.php?rest_route=%2Fwp%2Fv2%2Fcomments&post=663"}],"version-history":[{"count":21,"href":"https:\/\/el.us.edu.pl\/cko\/index.php?rest_route=\/wp\/v2\/pages\/663\/revisions"}],"predecessor-version":[{"id":749,"href":"https:\/\/el.us.edu.pl\/cko\/index.php?rest_route=\/wp\/v2\/pages\/663\/revisions\/749"}],"wp:attachment":[{"href":"https:\/\/el.us.edu.pl\/cko\/index.php?rest_route=%2Fwp%2Fv2%2Fmedia&parent=663"}],"curies":[{"name":"wp","href":"https:\/\/api.w.org\/{rel}","templated":true}]}}