{"id":908,"date":"2020-02-19T14:10:39","date_gmt":"2020-02-19T13:10:39","guid":{"rendered":"https:\/\/el.us.edu.pl\/cko\/?page_id=908"},"modified":"2023-02-16T13:35:16","modified_gmt":"2023-02-16T12:35:16","slug":"akty-prawne-archiwum","status":"publish","type":"page","link":"https:\/\/el.us.edu.pl\/cko\/?page_id=908","title":{"rendered":"Nieaktualne akty prawne"},"content":{"rendered":"\n<div class=\"la-wrap\">\n<ul>\n<li>\n<a href=\"https:\/\/aktyprawne.us.edu.pl\/423-lista\/d\/660\/5\/\"> <strong>Zarz\u0105dzenie nr 92\/2017 (Zmienione zarz\u0105dzeniem nr 176\/2021)<\/strong> <\/a><br> z dnia 2017-06-28 Rektora Uniwersytetu \u015al\u0105skiego <br>\nw sprawie zasad prowadzenia w Uniwersytecie \u015al\u0105skim w Katowicach zaj\u0119\u0107 dydaktycznych z wykorzystaniem metod i technik kszta\u0142cenia na odleg\u0142o\u015b\u0107<\/li>\n<li><a href=\"https:\/\/aktyprawne.us.edu.pl\/423-lista\/d\/1254\/5\/\"><strong>Zarz\u0105dzenie nr 11\/2014 (Zmienione zarz\u0105dzeniem nr 92\/2017)<\/strong><\/a><br>z dnia 2014-02-10 Rektora Uniwersytetu \u015al\u0105skiego<br>w sprawie zmian w Regulaminie Organizacyjnym Centrum Kszta\u0142cenia na Odleg\u0142o\u015b\u0107 w Uniwersytecie \u015al\u0105skim<\/li>\n<li><a href=\"https:\/\/aktyprawne.us.edu.pl\/423-lista\/d\/1273\/5\/\"><strong>Zarz\u0105dzenie nr 171\/2013 (Zmienione zarz\u0105dzeniem nr 92\/2017)<\/strong><\/a><br>z dnia 2013-12-20 Rektora Uniwersytetu \u015al\u0105skiego<br>zmieniaj\u0105ce zarz\u0105dzenie w sprawie zasad prowadzenia w Uniwersytecie \u015al\u0105skim zaj\u0119\u0107 dydaktycznych, z wykorzystaniem metod i technik kszta\u0142cenia na odleg\u0142o\u015b\u0107,<\/li>\n<li><a href=\"https:\/\/aktyprawne.us.edu.pl\/423-lista\/d\/1273\/5\/\"><strong>Zarz\u0105dzenie nr 171\/2013 &#8211; za\u0142\u0105cznik 1<\/strong><\/a><br>Wniosek o wyra\u017cenie zgody na prowadzenie zaj\u0119\u0107 dydaktycznych, z wykorzystaniem metod i technik kszta\u0142cenia na odleg\u0142o\u015b\u0107,<\/li>\n<li><a href=\"https:\/\/aktyprawne.us.edu.pl\/423-lista\/d\/1273\/5\/\"><strong>Zarz\u0105dzenie nr 171\/2013 &#8211; za\u0142\u0105cznik 2<\/strong><\/a><br>Ankieta ewaluacyjna zaj\u0119\u0107 dydaktycznych przez Internet,<\/li>\n<li><a href=\"https:\/\/aktyprawne.us.edu.pl\/423-lista\/d\/1585\/5\/\"><strong>Zarz\u0105dzenie nr 66\/2012 (Zmienione zarz\u0105dzeniem nr 171\/2013)<\/strong><\/a><br>z dnia 2012-07-03 Rektora Uniwersytetu \u015al\u0105skiego<br>w sprawie zasad prowadzenia w Uniwersytecie \u015al\u0105skim zaj\u0119\u0107 dydaktycznych, z wykorzystaniem metod i technik kszta\u0142cenia na odleg\u0142o\u015b\u0107,<\/li>\n<li><a href=\"https:\/\/aktyprawne.us.edu.pl\/423-lista\/d\/1585\/5\/\"><strong>Zarz\u0105dzenie nr 66\/2012 &#8211; za\u0142\u0105cznik 1<\/strong><\/a><br>Zasady prowadzenia w Uniwersytecie \u015al\u0105skim zaj\u0119\u0107 dydaktycznych, z wykorzystaniem metod i technik kszta\u0142cenia na odleg\u0142o\u015b\u0107,<\/li>\n<li><a href=\"https:\/\/aktyprawne.us.edu.pl\/423-lista\/d\/1585\/5\/\"><strong>Zarz\u0105dzenie nr 66\/2012 &#8211; za\u0142\u0105cznik 2<\/strong><\/a><br>Zasady prowadzenia w Uniwersytecie \u015al\u0105skim zaj\u0119\u0107 dydaktycznych, z wykorzystaniem metod i technik kszta\u0142cenia na odleg\u0142o\u015b\u0107<\/li>\n<\/ul>\n<\/div>\n","protected":false},"excerpt":{"rendered":"<p>Zarz\u0105dzenie nr 92\/2017 (Zmienione zarz\u0105dzeniem nr 176\/2021) z dnia 2017-06-28 Rektora Uniwersytetu \u015al\u0105skiego w sprawie zasad prowadzenia w Uniwersytecie \u015al\u0105skim w Katowicach zaj\u0119\u0107 dydaktycznych z wykorzystaniem metod i technik kszta\u0142cenia na odleg\u0142o\u015b\u0107 Zarz\u0105dzenie nr 11\/2014 (Zmienione zarz\u0105dzeniem nr 92\/2017)z dnia 2014-02-10 Rektora Uniwersytetu \u015al\u0105skiegow sprawie zmian w Regulaminie Organizacyjnym Centrum Kszta\u0142cenia na Odleg\u0142o\u015b\u0107 w Uniwersytecie [&#8230;]<\/p>\n<p><a class=\"btn btn-secondary understrap-read-more-link\" href=\"https:\/\/el.us.edu.pl\/cko\/?page_id=908\">Czytaj dalej\u2026<span class=\"screen-reader-text\"> from Nieaktualne akty prawne<\/span><\/a><\/p>\n","protected":false},"author":4,"featured_media":0,"parent":0,"menu_order":0,"comment_status":"closed","ping_status":"closed","template":"","meta":{"footnotes":""},"class_list":["post-908","page","type-page","status-publish","hentry"],"aioseo_notices":[],"_links":{"self":[{"href":"https:\/\/el.us.edu.pl\/cko\/index.php?rest_route=\/wp\/v2\/pages\/908","targetHints":{"allow":["GET"]}}],"collection":[{"href":"https:\/\/el.us.edu.pl\/cko\/index.php?rest_route=\/wp\/v2\/pages"}],"about":[{"href":"https:\/\/el.us.edu.pl\/cko\/index.php?rest_route=\/wp\/v2\/types\/page"}],"author":[{"embeddable":true,"href":"https:\/\/el.us.edu.pl\/cko\/index.php?rest_route=\/wp\/v2\/users\/4"}],"replies":[{"embeddable":true,"href":"https:\/\/el.us.edu.pl\/cko\/index.php?rest_route=%2Fwp%2Fv2%2Fcomments&post=908"}],"version-history":[{"count":9,"href":"https:\/\/el.us.edu.pl\/cko\/index.php?rest_route=\/wp\/v2\/pages\/908\/revisions"}],"predecessor-version":[{"id":1973,"href":"https:\/\/el.us.edu.pl\/cko\/index.php?rest_route=\/wp\/v2\/pages\/908\/revisions\/1973"}],"wp:attachment":[{"href":"https:\/\/el.us.edu.pl\/cko\/index.php?rest_route=%2Fwp%2Fv2%2Fmedia&parent=908"}],"curies":[{"name":"wp","href":"https:\/\/api.w.org\/{rel}","templated":true}]}}